{"id":59,"date":"2024-07-18T06:54:59","date_gmt":"2024-07-18T06:54:59","guid":{"rendered":"https:\/\/dummy.xtemos.com\/woodmart2\/pottery-elementor\/?page_id=59"},"modified":"2026-03-10T20:37:39","modified_gmt":"2026-03-10T20:37:39","slug":"home-pottery","status":"publish","type":"page","link":"https:\/\/sinamuarchi.cl\/","title":{"rendered":"Home Pottery"},"content":{"rendered":"\t\t<div data-elementor-type=\"wp-page\" data-elementor-id=\"59\" class=\"elementor elementor-59\">\n\t\t\t\t<div class=\"wd-negative-gap elementor-element elementor-element-1e97d50 e-flex e-con-boxed e-con e-parent\" data-id=\"1e97d50\" data-element_type=\"container\" data-e-type=\"container\">\n\t\t\t\t\t<div class=\"e-con-inner\">\n\t\t\t\t<div class=\"elementor-element elementor-element-5b27e70 elementor-widget elementor-widget-wp-widget-media_video\" data-id=\"5b27e70\" data-element_type=\"widget\" data-e-type=\"widget\" data-widget_type=\"wp-widget-media_video.default\">\n\t\t\t\t<div class=\"elementor-widget-container\">\n\t\t\t\t\t<div style=\"width:100%;\" class=\"wp-video\"><video class=\"wp-video-shortcode\" id=\"video-59-1\" preload=\"metadata\" controls=\"controls\"><source type=\"video\/mp4\" src=\"https:\/\/sinamuarchi.cl\/wp-content\/uploads\/2025\/03\/VID-20250319-WA0068.mp4?_=1\" \/><source type=\"video\/mp4\" src=\"https:\/\/sinamuarchi.cl\/wp-content\/uploads\/2025\/03\/VID-20250319-WA0068.mp4?_=1\" \/><a href=\"https:\/\/sinamuarchi.cl\/wp-content\/uploads\/2025\/03\/VID-20250319-WA0068.mp4\">https:\/\/sinamuarchi.cl\/wp-content\/uploads\/2025\/03\/VID-20250319-WA0068.mp4<\/a><\/video><\/div>\t\t\t\t<\/div>\n\t\t\t\t<\/div>\n\t\t\t\t\t<\/div>\n\t\t\t\t<\/div>\n\t\t<div class=\"wd-negative-gap elementor-element elementor-element-de593cf e-flex e-con-boxed e-con e-parent\" data-id=\"de593cf\" data-element_type=\"container\" data-e-type=\"container\">\n\t\t\t\t\t<div class=\"e-con-inner\">\n\t\t<div class=\"elementor-element elementor-element-0e5367b e-con-full e-flex e-con e-child\" data-id=\"0e5367b\" data-element_type=\"container\" data-e-type=\"container\">\n\t\t\t\t<div class=\"elementor-element elementor-element-49ea0d8 elementor-widget elementor-widget-wd_image_or_svg\" data-id=\"49ea0d8\" data-element_type=\"widget\" data-e-type=\"widget\" data-widget_type=\"wd_image_or_svg.default\">\n\t\t\t\t<div class=\"elementor-widget-container\">\n\t\t\t\t\t\n\t\t<div class=\"wd-image text-left\">\n\t\t\t\t\t\t\t\t<img fetchpriority=\"high\" decoding=\"async\" width=\"1024\" height=\"768\" src=\"https:\/\/sinamuarchi.cl\/wp-content\/uploads\/2025\/03\/IMG-20250319-WA0065.jpg\" class=\"attachment-full size-full\" alt=\"\" srcset=\"https:\/\/sinamuarchi.cl\/wp-content\/uploads\/2025\/03\/IMG-20250319-WA0065.jpg 1024w, https:\/\/sinamuarchi.cl\/wp-content\/uploads\/2025\/03\/IMG-20250319-WA0065-300x225.jpg 300w, https:\/\/sinamuarchi.cl\/wp-content\/uploads\/2025\/03\/IMG-20250319-WA0065-768x576.jpg 768w, https:\/\/sinamuarchi.cl\/wp-content\/uploads\/2025\/03\/IMG-20250319-WA0065-150x113.jpg 150w\" sizes=\"(max-width: 1024px) 100vw, 1024px\" \/>\t\t\t\t\t<\/div>\n\n\t\t\t\t\t\t<\/div>\n\t\t\t\t<\/div>\n\t\t\t\t<\/div>\n\t\t<div class=\"elementor-element elementor-element-d4f3dc0 e-con-full e-flex e-con e-child\" data-id=\"d4f3dc0\" data-element_type=\"container\" data-e-type=\"container\">\n\t\t\t\t<div class=\"elementor-element elementor-element-fc079f9 elementor-widget elementor-widget-wd_image_or_svg\" data-id=\"fc079f9\" data-element_type=\"widget\" data-e-type=\"widget\" data-widget_type=\"wd_image_or_svg.default\">\n\t\t\t\t<div class=\"elementor-widget-container\">\n\t\t\t\t\t\n\t\t<div class=\"wd-image text-left\">\n\t\t\t\t\t\t\t\t<img decoding=\"async\" width=\"1024\" height=\"768\" src=\"https:\/\/sinamuarchi.cl\/wp-content\/uploads\/2025\/03\/IMG-20250319-WA0066-1.jpg\" class=\"attachment-full size-full\" alt=\"\" srcset=\"https:\/\/sinamuarchi.cl\/wp-content\/uploads\/2025\/03\/IMG-20250319-WA0066-1.jpg 1024w, https:\/\/sinamuarchi.cl\/wp-content\/uploads\/2025\/03\/IMG-20250319-WA0066-1-300x225.jpg 300w, https:\/\/sinamuarchi.cl\/wp-content\/uploads\/2025\/03\/IMG-20250319-WA0066-1-768x576.jpg 768w, https:\/\/sinamuarchi.cl\/wp-content\/uploads\/2025\/03\/IMG-20250319-WA0066-1-150x113.jpg 150w\" sizes=\"(max-width: 1024px) 100vw, 1024px\" \/>\t\t\t\t\t<\/div>\n\n\t\t\t\t\t\t<\/div>\n\t\t\t\t<\/div>\n\t\t\t\t<\/div>\n\t\t\t\t\t<\/div>\n\t\t\t\t<\/div>\n\t\t<div class=\"wd-negative-gap elementor-element elementor-element-3c652ab e-flex e-con-boxed e-con e-parent\" data-id=\"3c652ab\" data-element_type=\"container\" data-e-type=\"container\">\n\t\t\t\t\t<div class=\"e-con-inner\">\n\t\t\t\t<div class=\"elementor-element elementor-element-8d9eba4 wd-width-100 elementor-widget elementor-widget-wd_images_gallery\" data-id=\"8d9eba4\" data-element_type=\"widget\" data-e-type=\"widget\" data-widget_type=\"wd_images_gallery.default\">\n\t\t\t\t<div class=\"elementor-widget-container\">\n\t\t\t\t\t\t\t<div class=\"wd-images-gallery photoswipe-images\" style=\"--wd-align-items:center; --wd-justify-content:center;\">\n\t\t\t\t\t\t<div class=\"wd-grid-g\" style=\"--wd-col-lg:1;--wd-col-md:1;--wd-col-sm:1;--wd-gap-lg:0px;\" >\n\t\t\t\t\t\t\t\t\t\t\t\t\t\t\t\t\t\t<div class=\"wd-gallery-item wd-col\">\n\t\t\t\t\t\t\t\t\t\t\t\t\t<a  href=\"https:\/\/sinamuarchi.cl\/wp-content\/uploads\/2026\/03\/WhatsApp-Image-2026-03-09-at-09.38.09.jpeg\" data-width=\"1080\" data-height=\"1547\" data-index=\"1\" data-elementor-open-lightbox=\"no\">\n\t\t\t\t\t\t\n\t\t\t\t\t\t<img decoding=\"async\" width=\"715\" height=\"1024\" src=\"https:\/\/sinamuarchi.cl\/wp-content\/uploads\/2026\/03\/WhatsApp-Image-2026-03-09-at-09.38.09-715x1024.jpeg\" class=\"attachment-large size-large\" alt=\"WhatsApp Image 2026-03-09 at 09.38.09\" srcset=\"https:\/\/sinamuarchi.cl\/wp-content\/uploads\/2026\/03\/WhatsApp-Image-2026-03-09-at-09.38.09-715x1024.jpeg 715w, https:\/\/sinamuarchi.cl\/wp-content\/uploads\/2026\/03\/WhatsApp-Image-2026-03-09-at-09.38.09-209x300.jpeg 209w, https:\/\/sinamuarchi.cl\/wp-content\/uploads\/2026\/03\/WhatsApp-Image-2026-03-09-at-09.38.09-768x1100.jpeg 768w, https:\/\/sinamuarchi.cl\/wp-content\/uploads\/2026\/03\/WhatsApp-Image-2026-03-09-at-09.38.09-1072x1536.jpeg 1072w, https:\/\/sinamuarchi.cl\/wp-content\/uploads\/2026\/03\/WhatsApp-Image-2026-03-09-at-09.38.09-150x215.jpeg 150w, https:\/\/sinamuarchi.cl\/wp-content\/uploads\/2026\/03\/WhatsApp-Image-2026-03-09-at-09.38.09.jpeg 1080w\" sizes=\"(max-width: 715px) 100vw, 715px\" \/>\n\t\t\t\t\t\t\t\t\t\t\t\t\t<\/a>\n\t\t\t\t\t\t\t\t\t\t\t<\/div>\n\t\t\t\t\t\t\t\t\t\t\t\t\t<\/div>\n\t\t\t\t\t<\/div>\n\t\t\t\t\t\t<\/div>\n\t\t\t\t<\/div>\n\t\t\t\t\t<\/div>\n\t\t\t\t<\/div>\n\t\t<div class=\"wd-negative-gap elementor-element elementor-element-0888af0 e-flex e-con-boxed e-con e-parent\" data-id=\"0888af0\" data-element_type=\"container\" data-e-type=\"container\">\n\t\t\t\t\t<div class=\"e-con-inner\">\n\t\t\t\t<div class=\"elementor-element elementor-element-c8388ba elementor-widget elementor-widget-wd_text_block\" data-id=\"c8388ba\" data-element_type=\"widget\" data-e-type=\"widget\" data-widget_type=\"wd_text_block.default\">\n\t\t\t\t<div class=\"elementor-widget-container\">\n\t\t\t\t\t\t\t<div class=\"wd-text-block reset-last-child text-left\">\n\t\t\t\n\t\t\t<p><strong>\ud83c\udfb6 SINAMUARCHI invita a m\u00fasicos, artistas y gestores culturales a ser parte de Proyecta Cultura RM \ud83c\udfa4<\/strong><\/p><p><strong>Sindicato Nacional de M\u00fasicos y Artistas Chile, SINAMUARCHI, impulsa este programa de formaci\u00f3n e innovaci\u00f3n que busca fortalecer y profesionalizar el sector art\u00edstico a trav\u00e9s de herramientas concretas, redes de colaboraci\u00f3n y nuevas oportunidades de desarrollo para el talento creativo de la Regi\u00f3n Metropolitana. \ud83e\udd1d\u2728<\/strong><\/p><p><strong>\ud83d\udcda Como parte de esta iniciativa, se realizar\u00e1 el Seminario de Gesti\u00f3n de Encadenamientos Productivos Musicales Territoriales, donde los participantes podr\u00e1n acceder a capacitaciones en marketing digital para artistas, innovaci\u00f3n y prototipado de proyectos musicales, g\u00e9nero y diversidad, y eficiencia energ\u00e9tica. \ud83c\udfb8\ud83d\udca1<\/strong><\/p><p><strong>\ud83d\udcc5 17 y 18 de marzo de 2026 \u2013 15:00 hrs<\/strong><\/p><p><strong>\ud83d\udccd Jos\u00e9 Miguel Carrera 311<\/strong><\/p><p><strong>\ud83d\udcb0 Inscripci\u00f3n gratuita \u2013 Cupos limitados<\/strong><\/p><p><strong>Este proyecto es impulsado por Sercotec Chile y ejecutado por Aura Consultora, con el objetivo de fortalecer el ecosistema cultural y proyectar el talento art\u00edstico hacia nuevas oportunidades.<\/strong><\/p><p><strong>\ud83c\udfbc S\u00famate a esta experiencia de aprendizaje, colaboraci\u00f3n y crecimiento para el sector musical.<\/strong><\/p><p><strong>#SINAMUARCHI #ProyectaCulturaRM #M\u00fasicaChilena #M\u00fasicosChilenos #ArtistasChilenos #Gesti\u00f3nCultural #Innovaci\u00f3nCultural #IndustriaCreativa #Econom\u00edaCreativa #TalentoLocal #Sercotec #AuraConsultora #CulturaChile #SantiagoChile \ud83c\udfb6<\/strong><\/p>\n\t\t\t\t\t<\/div>\n\t\t\t\t\t\t<\/div>\n\t\t\t\t<\/div>\n\t\t\t\t\t<\/div>\n\t\t\t\t<\/div>\n\t\t<div class=\"wd-negative-gap elementor-element elementor-element-9b1f417 e-flex e-con-boxed e-con e-parent\" data-id=\"9b1f417\" data-element_type=\"container\" data-e-type=\"container\">\n\t\t\t\t\t<div class=\"e-con-inner\">\n\t\t\t\t<div class=\"elementor-element elementor-element-ac887b9 wd-width-100 elementor-widget elementor-widget-wd_title\" data-id=\"ac887b9\" data-element_type=\"widget\" data-e-type=\"widget\" data-widget_type=\"wd_title.default\">\n\t\t\t\t<div class=\"elementor-widget-container\">\n\t\t\t\t\t\t\t<div class=\"title-wrapper wd-set-mb reset-last-child wd-title-color-default wd-title-style-default wd-title-size-default text-center\">\n\n\t\t\t\t\t\t\t\t\t\t\t<div class=\"title-subtitle subtitle-color-default subtitle-style-default wd-fontsize-xs\">\n\t\t\t\t\t<br \/>\nINSCRIPCI\u00d3N GRATUITA\t\t\t\t<\/div>\n\t\t\t\n\t\t\t<div class=\"liner-continer\">\n\t\t\t\t<h4 class=\"woodmart-title-container title wd-fontsize-l\">SEMINARIO DE ENCADENAMIENTOS PRODUCTIVOS MUSICALES TERRITORIALES<\/h4> \n\t\t\t\t\t\t\t<\/div>\n\n\t\t\t\t\t\t\t<div class=\"title-after_title reset-last-child wd-fontsize-xs\">\n\t\t\t\t\t<p>11 Y 12 DE DICIEMBRE DE 2025<\/p>\t\t\t\t<\/div>\n\t\t\t\t\t<\/div>\n\t\t\t\t\t\t<\/div>\n\t\t\t\t<\/div>\n\t\t\t\t\t<\/div>\n\t\t\t\t<\/div>\n\t\t<div class=\"wd-negative-gap elementor-element elementor-element-f52d287 e-flex e-con-boxed e-con e-parent\" data-id=\"f52d287\" data-element_type=\"container\" data-e-type=\"container\">\n\t\t\t\t\t<div class=\"e-con-inner\">\n\t\t\t\t<div class=\"elementor-element elementor-element-53a116f elementor-widget elementor-widget-wd_image_or_svg\" data-id=\"53a116f\" data-element_type=\"widget\" data-e-type=\"widget\" data-widget_type=\"wd_image_or_svg.default\">\n\t\t\t\t<div class=\"elementor-widget-container\">\n\t\t\t\t\t\n\t\t<div class=\"wd-image text-center\">\n\t\t\t\t\t\t\t\t<img loading=\"lazy\" decoding=\"async\" width=\"628\" height=\"880\" src=\"https:\/\/sinamuarchi.cl\/wp-content\/uploads\/2025\/12\/WhatsApp-Image-2025-12-02-at-19.57.12.jpeg\" class=\"attachment-full size-full\" alt=\"\" srcset=\"https:\/\/sinamuarchi.cl\/wp-content\/uploads\/2025\/12\/WhatsApp-Image-2025-12-02-at-19.57.12.jpeg 628w, https:\/\/sinamuarchi.cl\/wp-content\/uploads\/2025\/12\/WhatsApp-Image-2025-12-02-at-19.57.12-214x300.jpeg 214w, https:\/\/sinamuarchi.cl\/wp-content\/uploads\/2025\/12\/WhatsApp-Image-2025-12-02-at-19.57.12-150x210.jpeg 150w\" sizes=\"(max-width: 628px) 100vw, 628px\" \/>\t\t\t\t\t<\/div>\n\n\t\t\t\t\t\t<\/div>\n\t\t\t\t<\/div>\n\t\t\t\t\t<\/div>\n\t\t\t\t<\/div>\n\t\t<div class=\"wd-negative-gap elementor-element elementor-element-5ce4151 e-flex e-con-boxed e-con e-parent\" data-id=\"5ce4151\" data-element_type=\"container\" data-e-type=\"container\">\n\t\t\t\t\t<div class=\"e-con-inner\">\n\t\t\t\t<div class=\"elementor-element elementor-element-62fae89 elementor-widget elementor-widget-video\" data-id=\"62fae89\" data-element_type=\"widget\" data-e-type=\"widget\" data-settings=\"{&quot;video_type&quot;:&quot;hosted&quot;,&quot;controls&quot;:&quot;yes&quot;}\" data-widget_type=\"video.default\">\n\t\t\t\t<div class=\"elementor-widget-container\">\n\t\t\t\t\t\t\t<div class=\"e-hosted-video elementor-wrapper elementor-open-inline\">\n\t\t\t\t\t<video class=\"elementor-video\" src=\"https:\/\/sinamuarchi.cl\/wp-content\/uploads\/2025\/12\/WhatsApp-Video-2025-12-02-at-19.36.35.mp4\" controls=\"\" preload=\"metadata\" controlsList=\"nodownload\"><\/video>\n\t\t\t\t<\/div>\n\t\t\t\t\t\t<\/div>\n\t\t\t\t<\/div>\n\t\t\t\t\t<\/div>\n\t\t\t\t<\/div>\n\t\t<div class=\"wd-negative-gap elementor-element elementor-element-828fdc4 e-flex e-con-boxed e-con e-parent\" data-id=\"828fdc4\" data-element_type=\"container\" data-e-type=\"container\">\n\t\t\t\t\t<div class=\"e-con-inner\">\n\t\t\t\t<div class=\"elementor-element elementor-element-9d2c5a9 color-scheme-inherit text-left elementor-widget elementor-widget-text-editor\" data-id=\"9d2c5a9\" data-element_type=\"widget\" data-e-type=\"widget\" data-widget_type=\"text-editor.default\">\n\t\t\t\t<div class=\"elementor-widget-container\">\n\t\t\t\t\t\t\t\t\t<p>\u00a0<\/p><p><strong>\u00abEstimados socios, socias y colaboradores de SINAMURCHI, como muchos de ustedes ya se han enterado, tengo el agrado de hacerles llegar antecedentes relacionados con la adjudicaci\u00f3n de un proyecto del Servicio de Cooperaci\u00f3n T\u00e9cnica, SERCOTEC\u00bb.<\/strong><\/p><p align=\"justify\"><span style=\"font-family: Times New Roman, serif;\"><span style=\"font-family: Aptos, serif;\"><b>Nombre del Proyecto Adjudicado<\/b><\/span><span style=\"font-family: Aptos, serif;\">:<\/span><b> <\/b><span style=\"font-family: Aptos, serif;\"><span lang=\"es-CL\">Proyecta Cultura Regi\u00f3n Metropolitana: Redes y Crecimiento e Innovaci\u00f3n Cultural<\/span><\/span><\/span><\/p><p><strong>Objetivos:<\/strong><\/p><p align=\"justify\"><i>1.-Mejorar las capacidades de gesti\u00f3n del gremio y fortalecimiento de competencias en marketing digital, innovaci\u00f3n y propotipado para proyectos musicales.<\/i><\/p><p align=\"justify\"><i>2. Potenciar la asociatividad dentro del gremio.<\/i><\/p><p align=\"justify\"><i>3. Fortalecer la igualdad y la inclusi\u00f3n mediante la implementaci\u00f3n de un taller de g\u00e9nero, diversidad e inclusi\u00f3n para fortalecer la participaci\u00f3n de la mujer.<\/i><\/p><p align=\"justify\"><i>4. Introducir pr\u00e1cticas de sostenibilidad y eficiencia energ\u00e9tica.<\/i><\/p><p align=\"justify\"><i>5. Difundir y posicionar el fortalecimiento gremial mediante la distribuci\u00f3n de material de informaci\u00f3n reforzando la presencia del sindicato<\/i> en la Regi\u00f3n Metropolitana<\/p><p><b>Resultados esperados:<\/b><\/p><p align=\"justify\"><b>1. Capacitaci\u00f3n y profesionalizaci\u00f3n en marketing digital, innovaci\u00f3n, encadenamientos productivos y sustentabilidad.<\/b><\/p><p align=\"justify\"><b>2. Incremento de oportunidades comerciales y visibilidad regional de los artistas y gestores culturales.<\/b><\/p><p align=\"justify\"><b>3. Fortalecimiento gremial a trav\u00e9s de mayor participaci\u00f3n, liderazgo compartido y comunicaci\u00f3n interna eficiente.<\/b><\/p><p align=\"justify\"><b>4. Mejora en la calidad de vida de los socios mediante alianzas con servicios m\u00e9dicos y descuentos preferentes.<\/b><\/p><p align=\"justify\"><b>5. Impacto positivo en el rubro musical y cultural, promoviendo un ecosistema creativo m\u00e1s competitivo, inclusivo y sostenible.<\/b><\/p><p align=\"justify\">Este proyecto nos permitir\u00e1 cerrar el a\u00f1o en curso, con diversas acciones que buscan fortalecer el gremio y potenciar la asociatividad, mediante una serie de actividades que ejecutaremos en el mes de 11 y 12 de diciembre, a partir de las 15:30 horas en la sede de nuestra agrupaci\u00f3n, Jos\u00e9 Miguel Carrera N\u00b0 311, Santiago Centro.\u00bb.<\/p><p align=\"justify\">\u00a0<\/p>\t\t\t\t\t\t\t\t<\/div>\n\t\t\t\t<\/div>\n\t\t\t\t\t<\/div>\n\t\t\t\t<\/div>\n\t\t<div class=\"wd-negative-gap elementor-element elementor-element-15dfbcd e-flex e-con-boxed e-con e-parent\" data-id=\"15dfbcd\" data-element_type=\"container\" data-e-type=\"container\">\n\t\t\t\t\t<div class=\"e-con-inner\">\n\t\t\t\t<div class=\"elementor-element elementor-element-4329ae6 wd-width-100 elementor-widget elementor-widget-wd_title\" data-id=\"4329ae6\" data-element_type=\"widget\" data-e-type=\"widget\" data-widget_type=\"wd_title.default\">\n\t\t\t\t<div class=\"elementor-widget-container\">\n\t\t\t\t\t\t\t<div class=\"title-wrapper wd-set-mb reset-last-child wd-title-color-default wd-title-style-default wd-title-size-default text-center\">\n\n\t\t\t\t\t\t\t\t\t\t\t<div class=\"title-subtitle subtitle-color-default subtitle-style-default wd-fontsize-xs\">\n\t\t\t\t\t<br \/>\n<br \/>\nPrograma de TV\t\t\t\t<\/div>\n\t\t\t\n\t\t\t<div class=\"liner-continer\">\n\t\t\t\t<h4 class=\"woodmart-title-container title wd-fontsize-l\">SINAMUARCHI TV<\/h4> \n\t\t\t\t\t\t\t<\/div>\n\n\t\t\t\t\t\t\t<div class=\"title-after_title reset-last-child wd-fontsize-xs\">\n\t\t\t\t\t<p><strong>Programa TIEMPOS MUSICALES<\/strong><\/p><p><strong>SINAMUARCHI significa: \"Sindicato Nacional de M\u00fasicos y Artistas de Chile\" cuya sede actualmente est\u00e1 ubicada en Jos\u00e9 Miguel Carrera #311, comuna de Santiago. En nuestra *casona* de 2 pisos, funciona tambi\u00e9n el \"Museo de la M\u00fasica Chilena\" cuyo director es Jorge Soto Mart\u00ednez, que tambi\u00e9n es el Presidente de nuestro Sindicato. Desde que Sinamuarchi se fund\u00f3, han surgido im\u00e1genes de momentos que quise dejar grabadas, y que sab\u00eda que llegar\u00eda el momento de compartir, con los socios, directores, simpatizantes y amigos de del gremio, a lo largo y ancho de todo Chile, se ha documentado una Historia que crece y crece d\u00eda a d\u00eda, y en la que todos los socios participamos, tanto los dirigentes, voluntarios , administrativos, y nosotros, que vamos ah\u00ed por diversas actividades: vamos a grabar discos, a practicar nuestra m\u00fasica en las salas de ensayo, a conciertos y eventos que organizamos para nuestras festividades, etc...<\/strong><\/p><p>\u00a0<\/p>\t\t\t\t<\/div>\n\t\t\t\t\t<\/div>\n\t\t\t\t\t\t<\/div>\n\t\t\t\t<\/div>\n\t\t\t\t\t<\/div>\n\t\t\t\t<\/div>\n\t\t<div class=\"wd-negative-gap elementor-element elementor-element-2b5b391 e-flex e-con-boxed e-con e-parent\" data-id=\"2b5b391\" data-element_type=\"container\" data-e-type=\"container\">\n\t\t\t\t\t<div class=\"e-con-inner\">\n\t\t<div class=\"pp-bg-effects pp-bg-effects-ec162ab elementor-element elementor-element-ec162ab e-con-full pp-bg-effects-yes e-flex e-con e-child\" data-section-id=\"ec162ab\" data-effect-enable=\"yes\" data-animation-type=\"fog\" data-canvas-opacity=\"1\" data-hide-max-width=\"none\" data-hide-min-width=\"none\" data-fog-highlight-color=\"0xffc302\" data-fog-midtone-color=\"0xff1d01\" data-fog-lowlight-color=\"0x2c07ff\" data-fog-base-color=\"0xffebeb\" data-fog-blur-factor=\"0.6\" data-fog-zoom=\"1\" data-fog-speed=\"1\" data-id=\"ec162ab\" data-element_type=\"container\" data-e-type=\"container\" data-settings=\"{&quot;pp_background_effects_enable&quot;:&quot;yes&quot;,&quot;effect_hide_tablet&quot;:&quot;label_off&quot;,&quot;effect_hide_mobile&quot;:&quot;label_off&quot;}\">\n\t\t\t\t<div class=\"elementor-element elementor-element-96192c0 wd-width-100 elementor-widget elementor-widget-wd_video\" data-id=\"96192c0\" data-element_type=\"widget\" data-e-type=\"widget\" data-widget_type=\"wd_video.default\">\n\t\t\t\t<div class=\"elementor-widget-container\">\n\t\t\t\t\t\n\t\t<div class=\"wd-el-video wd-action-without wd-video-youtube\">\n\t\t\t\t\t\t\t<iframe src=\"https:\/\/www.youtube.com\/embed\/AXq7394Ot2Q?feature=oembed&loop=0&mute=0&controls=1\" allowfullscreen allow=\"accelerometer; autoplay; encrypted-media; gyroscope; picture-in-picture\" width=\"100%\" height=\"100%\" loading=\"lazy\"><\/iframe>\t\t\t\n\t\t\t\n\t\t\t\n\t\t\t\t\t<\/div>\n\t\t\t\t\t\t<\/div>\n\t\t\t\t<\/div>\n\t\t\t\t<\/div>\n\t\t<div class=\"elementor-element elementor-element-b26863a e-con-full e-flex e-con e-child\" data-id=\"b26863a\" data-element_type=\"container\" data-e-type=\"container\">\n\t\t\t\t<div class=\"elementor-element elementor-element-4daa38d wd-width-100 elementor-widget elementor-widget-wd_video\" data-id=\"4daa38d\" data-element_type=\"widget\" data-e-type=\"widget\" data-widget_type=\"wd_video.default\">\n\t\t\t\t<div class=\"elementor-widget-container\">\n\t\t\t\t\t\n\t\t<div class=\"wd-el-video wd-action-without wd-video-youtube\">\n\t\t\t\t\t\t\t<iframe src=\"https:\/\/www.youtube.com\/embed\/LCDN-Jjn43A?feature=oembed&loop=0&mute=0&controls=1\" allowfullscreen allow=\"accelerometer; autoplay; encrypted-media; gyroscope; picture-in-picture\" width=\"100%\" height=\"100%\" loading=\"lazy\"><\/iframe>\t\t\t\n\t\t\t\n\t\t\t\n\t\t\t\t\t<\/div>\n\t\t\t\t\t\t<\/div>\n\t\t\t\t<\/div>\n\t\t\t\t<\/div>\n\t\t<div class=\"elementor-element elementor-element-58814e2 e-con-full e-flex e-con e-child\" data-id=\"58814e2\" data-element_type=\"container\" data-e-type=\"container\">\n\t\t\t\t<div class=\"elementor-element elementor-element-47b68f7 wd-width-100 elementor-widget elementor-widget-wd_video\" data-id=\"47b68f7\" data-element_type=\"widget\" data-e-type=\"widget\" data-widget_type=\"wd_video.default\">\n\t\t\t\t<div class=\"elementor-widget-container\">\n\t\t\t\t\t\n\t\t<div class=\"wd-el-video wd-action-without wd-video-youtube\">\n\t\t\t\t\t\t\t<iframe src=\"https:\/\/www.youtube.com\/embed\/8uSXOJQEFc8?feature=oembed&loop=0&mute=0&controls=1\" allowfullscreen allow=\"accelerometer; autoplay; encrypted-media; gyroscope; picture-in-picture\" width=\"100%\" height=\"100%\" loading=\"lazy\"><\/iframe>\t\t\t\n\t\t\t\n\t\t\t\n\t\t\t\t\t<\/div>\n\t\t\t\t\t\t<\/div>\n\t\t\t\t<\/div>\n\t\t\t\t<\/div>\n\t\t<div class=\"elementor-element elementor-element-73d93e7 e-con-full e-flex e-con e-child\" data-id=\"73d93e7\" data-element_type=\"container\" data-e-type=\"container\">\n\t\t\t\t<div class=\"elementor-element elementor-element-589f0f5 wd-width-100 elementor-widget elementor-widget-wd_video\" data-id=\"589f0f5\" data-element_type=\"widget\" data-e-type=\"widget\" data-widget_type=\"wd_video.default\">\n\t\t\t\t<div class=\"elementor-widget-container\">\n\t\t\t\t\t\n\t\t<div class=\"wd-el-video wd-action-without wd-video-youtube\">\n\t\t\t\t\t\t\t<iframe src=\"https:\/\/www.youtube.com\/embed\/kOSVJzFidEM?feature=oembed&loop=0&mute=0&controls=1\" allowfullscreen allow=\"accelerometer; autoplay; encrypted-media; gyroscope; picture-in-picture\" width=\"100%\" height=\"100%\" loading=\"lazy\"><\/iframe>\t\t\t\n\t\t\t\n\t\t\t\n\t\t\t\t\t<\/div>\n\t\t\t\t\t\t<\/div>\n\t\t\t\t<\/div>\n\t\t\t\t<\/div>\n\t\t\t\t\t<\/div>\n\t\t\t\t<\/div>\n\t\t\t\t<\/div>\n\t\t","protected":false},"excerpt":{"rendered":"<p>\ud83c\udfb6 SINAMUARCHI invita a m\u00fasicos, artistas y gestores culturales a ser parte de Proyecta Cultura RM \ud83c\udfa4 Sindicato Nacional de<\/p>\n","protected":false},"author":1,"featured_media":0,"parent":0,"menu_order":0,"comment_status":"closed","ping_status":"closed","template":"","meta":{"footnotes":""},"class_list":["post-59","page","type-page","status-publish","hentry"],"_links":{"self":[{"href":"https:\/\/sinamuarchi.cl\/index.php?rest_route=\/wp\/v2\/pages\/59","targetHints":{"allow":["GET"]}}],"collection":[{"href":"https:\/\/sinamuarchi.cl\/index.php?rest_route=\/wp\/v2\/pages"}],"about":[{"href":"https:\/\/sinamuarchi.cl\/index.php?rest_route=\/wp\/v2\/types\/page"}],"author":[{"embeddable":true,"href":"https:\/\/sinamuarchi.cl\/index.php?rest_route=\/wp\/v2\/users\/1"}],"replies":[{"embeddable":true,"href":"https:\/\/sinamuarchi.cl\/index.php?rest_route=%2Fwp%2Fv2%2Fcomments&post=59"}],"version-history":[{"count":51,"href":"https:\/\/sinamuarchi.cl\/index.php?rest_route=\/wp\/v2\/pages\/59\/revisions"}],"predecessor-version":[{"id":979,"href":"https:\/\/sinamuarchi.cl\/index.php?rest_route=\/wp\/v2\/pages\/59\/revisions\/979"}],"wp:attachment":[{"href":"https:\/\/sinamuarchi.cl\/index.php?rest_route=%2Fwp%2Fv2%2Fmedia&parent=59"}],"curies":[{"name":"wp","href":"https:\/\/api.w.org\/{rel}","templated":true}]}}